{"id":89,"date":"2024-10-17T04:17:22","date_gmt":"2024-10-17T02:17:22","guid":{"rendered":"https:\/\/www.zapimyu.zapiserv.fr\/zap\/wordpress\/?page_id=89"},"modified":"2024-10-17T04:53:41","modified_gmt":"2024-10-17T02:53:41","slug":"infos","status":"publish","type":"page","link":"https:\/\/www.zapimyu.zapiserv.fr\/zap\/wordpress\/infos\/","title":{"rendered":"Infos"},"content":{"rendered":"\n<p><\/p>\n\n\n\n<p class=\"has-base-2-color has-text-color has-link-color wp-elements-87e7eab9faa72d59aafd8ad62f477bcc\">Le Zapiserv est un serveur communautaire cr\u00e9e par Zapimyu le 26 Ao\u00fbt 2023, suite au succ\u00e8s fulgurant de la saison 1, une nouvelle saison verra le jour le 20 octobre 2023, malheureusement, la nouvelle map n&rsquo;aura pas su attirer autant de personnes qu&rsquo;escompt\u00e9&#8230; ce qui m\u00e8nera \u00e0 l&rsquo;importation du village de la premi\u00e8re saison.<br><br>Fournis de moult Datapacks lors de la sortie de la S2, plusieurs soucis de performances et de despawn des stuffs se feront remarquer, ce qui aura pour effet de d\u00e9courager beaucoup de joueurs, des solutions auront \u00e9t\u00e9 amen\u00e9es, comme l&rsquo;ajout d&rsquo;un Datapack faisant apparaitre une pierre tombale sur le lieu de d\u00e9c\u00e8s du joueur, cependant, un nouveau bug fit son apparition et fera de temps \u00e0 autres une duplication du stuff&#8230;<br><br>Tous ces bugs, soucis de performances, lags, etc&#8230; malgr\u00e9 les am\u00e9liorations du serveur, pousseront Zapimyu \u00e0 chercher un autre h\u00e9bergeur, retirer une grosse partie des Datapacks, r\u00e9initialiser \u00e9norm\u00e9ment de chunks, mettre le serveur sur la derni\u00e8re version du jeu, afin de mettre \u00e0 disposition une mise \u00e0 jour pour le premier anniversaire de la saison 2.<\/p>\n\n\n\n<p>r<\/p>\n\n\n\n<figure class=\"wp-block-image size-full is-resized has-custom-border is-style-rounded wp-duotone-unset-2 is-style-rounded--1\"><img loading=\"lazy\" decoding=\"async\" width=\"1920\" height=\"1009\" src=\"https:\/\/www.zapimyu.zapiserv.fr\/zap\/wordpress\/wp-content\/uploads\/2024\/10\/2024-10-17_04.45.46.png\" alt=\"\" class=\"wp-image-96\" style=\"border-style:none;border-width:0px;border-radius:72px;aspect-ratio:1.7777777777777777;object-fit:cover;width:617px;height:auto\" srcset=\"https:\/\/www.zapimyu.zapiserv.fr\/zap\/wordpress\/wp-content\/uploads\/2024\/10\/2024-10-17_04.45.46.png 1920w, https:\/\/www.zapimyu.zapiserv.fr\/zap\/wordpress\/wp-content\/uploads\/2024\/10\/2024-10-17_04.45.46-300x158.png 300w, https:\/\/www.zapimyu.zapiserv.fr\/zap\/wordpress\/wp-content\/uploads\/2024\/10\/2024-10-17_04.45.46-1024x538.png 1024w, https:\/\/www.zapimyu.zapiserv.fr\/zap\/wordpress\/wp-content\/uploads\/2024\/10\/2024-10-17_04.45.46-768x404.png 768w, https:\/\/www.zapimyu.zapiserv.fr\/zap\/wordpress\/wp-content\/uploads\/2024\/10\/2024-10-17_04.45.46-1536x807.png 1536w\" sizes=\"auto, (max-width: 1920px) 100vw, 1920px\" \/><\/figure>\n\n\n\n<p><\/p>\n","protected":false},"excerpt":{"rendered":"<p>Le Zapiserv est un serveur communautaire cr\u00e9e par Zapimyu le 26 Ao\u00fbt 2023, suite au succ\u00e8s fulgurant de la saison 1, une nouvelle saison verra le jour le 20 octobre 2023, malheureusement, la nouvelle map n&rsquo;aura pas su attirer autant de personnes qu&rsquo;escompt\u00e9&#8230; ce qui m\u00e8nera \u00e0 l&rsquo;importation du village de la premi\u00e8re saison. Fournis [&hellip;]<\/p>\n","protected":false},"author":1,"featured_media":0,"parent":0,"menu_order":0,"comment_status":"closed","ping_status":"closed","template":"page-no-title","meta":{"footnotes":""},"class_list":["post-89","page","type-page","status-publish","hentry"],"_links":{"self":[{"href":"https:\/\/www.zapimyu.zapiserv.fr\/zap\/wordpress\/wp-json\/wp\/v2\/pages\/89","targetHints":{"allow":["GET"]}}],"collection":[{"href":"https:\/\/www.zapimyu.zapiserv.fr\/zap\/wordpress\/wp-json\/wp\/v2\/pages"}],"about":[{"href":"https:\/\/www.zapimyu.zapiserv.fr\/zap\/wordpress\/wp-json\/wp\/v2\/types\/page"}],"author":[{"embeddable":true,"href":"https:\/\/www.zapimyu.zapiserv.fr\/zap\/wordpress\/wp-json\/wp\/v2\/users\/1"}],"replies":[{"embeddable":true,"href":"https:\/\/www.zapimyu.zapiserv.fr\/zap\/wordpress\/wp-json\/wp\/v2\/comments?post=89"}],"version-history":[{"count":4,"href":"https:\/\/www.zapimyu.zapiserv.fr\/zap\/wordpress\/wp-json\/wp\/v2\/pages\/89\/revisions"}],"predecessor-version":[{"id":111,"href":"https:\/\/www.zapimyu.zapiserv.fr\/zap\/wordpress\/wp-json\/wp\/v2\/pages\/89\/revisions\/111"}],"wp:attachment":[{"href":"https:\/\/www.zapimyu.zapiserv.fr\/zap\/wordpress\/wp-json\/wp\/v2\/media?parent=89"}],"curies":[{"name":"wp","href":"https:\/\/api.w.org\/{rel}","templated":true}]}}